{"id":528,"date":"2017-06-17T18:15:09","date_gmt":"2017-06-17T21:15:09","guid":{"rendered":"https:\/\/medcasem.cl\/?page_id=528"},"modified":"2017-06-22T22:24:29","modified_gmt":"2017-06-23T01:24:29","slug":"mesa-para-arco-c-modelo-8oo","status":"publish","type":"page","link":"https:\/\/medcasem.cl\/?page_id=528","title":{"rendered":"Mesa para arco C modelo 800"},"content":{"rendered":"<h5>La elecci\u00f3n es suya &#8230; configure para satisfacer sus necesidades<\/h5>\n<h5><a href=\"https:\/\/medcasem.cl\/?page_id=595\"><img loading=\"lazy\" decoding=\"async\" class=\" wp-image-584 alignright\" src=\"https:\/\/medcasem.cl\/wp-content\/uploads\/2017\/06\/80001-300x225.png\" alt=\"\" width=\"240\" height=\"180\" srcset=\"https:\/\/medcasem.cl\/wp-content\/uploads\/2017\/06\/80001-300x225.png 300w, https:\/\/medcasem.cl\/wp-content\/uploads\/2017\/06\/80001-150x113.png 150w, https:\/\/medcasem.cl\/wp-content\/uploads\/2017\/06\/80001.png 670w\" sizes=\"auto, (max-width: 240px) 100vw, 240px\" \/><\/a><\/h5>\n<ul>\n<li>Gran \u00e1rea radiol\u00facida, 135 cms. x 44.5 cms.<\/li>\n<li>Posicionamiento Fowler de 0\u00b0 a 80\u00b0<\/li>\n<li>Posicionamiento de cubierta motorizado de cinco ejes.<\/li>\n<li>Conveniente posici\u00f3n de control de pedales y manual.<\/li>\n<li>Arranques y Paradas suaves programados en todos los movimientos motorizados.<\/li>\n<li>Base de perfil bajo para el espacio para arco C.<\/li>\n<li>Riel para accesorios.<\/li>\n<li>Se puede energizar al muro o bater\u00eda recargable.<\/li>\n<\/ul>\n","protected":false},"excerpt":{"rendered":"<p>La elecci\u00f3n es suya &#8230; configure para satisfacer sus necesidades Gran \u00e1rea radiol\u00facida, 135 cms. x 44.5 cms. Posicionamiento Fowler de 0\u00b0 a 80\u00b0 Posicionamiento de cubierta motorizado de cinco ejes. Conveniente posici\u00f3n de control de pedales y manual. Arranques y Paradas suaves programados en todos los movimientos motorizados. Base\u2026<\/p>\n<p class=\"continue-reading-button\"> <a class=\"continue-reading-link\" href=\"https:\/\/medcasem.cl\/?page_id=528\">Continuar leyendo<i class=\"crycon-right-dir\"><\/i><\/a><\/p>\n","protected":false},"author":1,"featured_media":0,"parent":507,"menu_order":0,"comment_status":"closed","ping_status":"closed","template":"","meta":{"footnotes":""},"class_list":["post-528","page","type-page","status-publish","hentry"],"_links":{"self":[{"href":"https:\/\/medcasem.cl\/index.php?rest_route=\/wp\/v2\/pages\/528","targetHints":{"allow":["GET"]}}],"collection":[{"href":"https:\/\/medcasem.cl\/index.php?rest_route=\/wp\/v2\/pages"}],"about":[{"href":"https:\/\/medcasem.cl\/index.php?rest_route=\/wp\/v2\/types\/page"}],"author":[{"embeddable":true,"href":"https:\/\/medcasem.cl\/index.php?rest_route=\/wp\/v2\/users\/1"}],"replies":[{"embeddable":true,"href":"https:\/\/medcasem.cl\/index.php?rest_route=%2Fwp%2Fv2%2Fcomments&post=528"}],"version-history":[{"count":5,"href":"https:\/\/medcasem.cl\/index.php?rest_route=\/wp\/v2\/pages\/528\/revisions"}],"predecessor-version":[{"id":843,"href":"https:\/\/medcasem.cl\/index.php?rest_route=\/wp\/v2\/pages\/528\/revisions\/843"}],"up":[{"embeddable":true,"href":"https:\/\/medcasem.cl\/index.php?rest_route=\/wp\/v2\/pages\/507"}],"wp:attachment":[{"href":"https:\/\/medcasem.cl\/index.php?rest_route=%2Fwp%2Fv2%2Fmedia&parent=528"}],"curies":[{"name":"wp","href":"https:\/\/api.w.org\/{rel}","templated":true}]}}