{"id":526,"date":"2017-06-17T18:14:41","date_gmt":"2017-06-17T21:14:41","guid":{"rendered":"https:\/\/medcasem.cl\/?page_id=526"},"modified":"2017-06-22T22:23:40","modified_gmt":"2017-06-23T01:23:40","slug":"mesa-para-arco-c-modelo-870","status":"publish","type":"page","link":"https:\/\/medcasem.cl\/?page_id=526","title":{"rendered":"Mesa para arco C modelo 870"},"content":{"rendered":"<ul>\n<li>El dise\u00f1o innovador optimiza el acceso del paciente, aumenta la resoluci\u00f3n de imagen y ahorrar espacio.<\/li>\n<li>Cubierta de fibra de carbono con baja atenuaci\u00f3n, con la opci\u00f3n de dise\u00f1o rectangular o contorneado.<\/li>\n<li>El tablero de la mesa aguzada ofrece un recorte para posicionar la cara c\u00f3modamente.<\/li>\n<li>Los actuadores de alta velocidad aseguran el posicionamiento r\u00e1pido de la mesa; ajuste de altura, movimiento lateral y Trendelenburg.<\/li>\n<li>Posicionamiento conveniente con control remoto port\u00e1til.<\/li>\n<li>Arranques y paradas suaves programados en todos los movimientos motorizados.<\/li>\n<li>Capacidad de paciente de hasta 230 Kg.<\/li>\n<li>Base de perfil bajo con \u00e1rea libre para el arco C.<\/li>\n<li>Riel para accesorios.<\/li>\n<\/ul>\n","protected":false},"excerpt":{"rendered":"<p>El dise\u00f1o innovador optimiza el acceso del paciente, aumenta la resoluci\u00f3n de imagen y ahorrar espacio. Cubierta de fibra de carbono con baja atenuaci\u00f3n, con la opci\u00f3n de dise\u00f1o rectangular o contorneado. El tablero de la mesa aguzada ofrece un recorte para posicionar la cara c\u00f3modamente. Los actuadores de alta\u2026<\/p>\n<p class=\"continue-reading-button\"> <a class=\"continue-reading-link\" href=\"https:\/\/medcasem.cl\/?page_id=526\">Continuar leyendo<i class=\"crycon-right-dir\"><\/i><\/a><\/p>\n","protected":false},"author":1,"featured_media":0,"parent":507,"menu_order":0,"comment_status":"closed","ping_status":"closed","template":"","meta":{"footnotes":""},"class_list":["post-526","page","type-page","status-publish","hentry"],"_links":{"self":[{"href":"https:\/\/medcasem.cl\/index.php?rest_route=\/wp\/v2\/pages\/526","targetHints":{"allow":["GET"]}}],"collection":[{"href":"https:\/\/medcasem.cl\/index.php?rest_route=\/wp\/v2\/pages"}],"about":[{"href":"https:\/\/medcasem.cl\/index.php?rest_route=\/wp\/v2\/types\/page"}],"author":[{"embeddable":true,"href":"https:\/\/medcasem.cl\/index.php?rest_route=\/wp\/v2\/users\/1"}],"replies":[{"embeddable":true,"href":"https:\/\/medcasem.cl\/index.php?rest_route=%2Fwp%2Fv2%2Fcomments&post=526"}],"version-history":[{"count":9,"href":"https:\/\/medcasem.cl\/index.php?rest_route=\/wp\/v2\/pages\/526\/revisions"}],"predecessor-version":[{"id":842,"href":"https:\/\/medcasem.cl\/index.php?rest_route=\/wp\/v2\/pages\/526\/revisions\/842"}],"up":[{"embeddable":true,"href":"https:\/\/medcasem.cl\/index.php?rest_route=\/wp\/v2\/pages\/507"}],"wp:attachment":[{"href":"https:\/\/medcasem.cl\/index.php?rest_route=%2Fwp%2Fv2%2Fmedia&parent=526"}],"curies":[{"name":"wp","href":"https:\/\/api.w.org\/{rel}","templated":true}]}}