{"id":41,"date":"2017-06-01T21:13:49","date_gmt":"2017-06-02T00:13:49","guid":{"rendered":"https:\/\/medcasem.cl\/?page_id=41"},"modified":"2017-07-17T21:12:34","modified_gmt":"2017-07-18T00:12:34","slug":"fonendoscopio-o-estetoscopio","status":"publish","type":"page","link":"https:\/\/medcasem.cl\/?page_id=41","title":{"rendered":"Fonendoscopio o estetoscopio"},"content":{"rendered":"<p><img loading=\"lazy\" decoding=\"async\" class=\"size-medium wp-image-156 alignright\" src=\"https:\/\/medcasem.cl\/wp-content\/uploads\/2017\/06\/Fonendoscopio-300x300.jpg\" alt=\"\" width=\"300\" height=\"300\" srcset=\"https:\/\/medcasem.cl\/wp-content\/uploads\/2017\/06\/Fonendoscopio-300x300.jpg 300w, https:\/\/medcasem.cl\/wp-content\/uploads\/2017\/06\/Fonendoscopio-150x150.jpg 150w, https:\/\/medcasem.cl\/wp-content\/uploads\/2017\/06\/Fonendoscopio.jpg 600w\" sizes=\"auto, (max-width: 300px) 100vw, 300px\" \/><\/p>\n<p>Este liviano estetoscopio, libre de l\u00e1tex, no-magn\u00e9tico viene con un diafragma de contacto que no se congela y es de alta sensibilidad.Esta unidad fue dise\u00f1ada exclusivamente para uso en campos magn\u00e9ticos altos.<\/p>\n<p>Este tipo de estetoscopio acondicionado a MRI, este estetoscopio tipo Sprague Rappaport viene equipado con tres campanas colectoras de sonido en tama\u00f1os grande medio y peque\u00f1o, recomendable para auscultaci\u00f3n de infantes, ni\u00f1os y adultos as\u00ed como sonido de coraz\u00f3n fetal, sonido de respiraci\u00f3n, latido cardiaco intenso y bajo respectivamente, basado en el area de auscultaci\u00f3n y rango de frecuencias para lograr una sensibilidad \u00f3ptima de respuesta de frecuencia.<\/p>\n<p>Ac\u00fasticamente dise\u00f1ado para excepcional conducci\u00f3n del sonido, este estetoscopio trae un perfil actualizado, alta portabilidad y un estuche multi-bolsillos para accesorios relevantes y partes de remplazo.<\/p>\n","protected":false},"excerpt":{"rendered":"<p>Este liviano estetoscopio, libre de l\u00e1tex, no-magn\u00e9tico viene con un diafragma de contacto que no se congela y es de alta sensibilidad.Esta unidad fue dise\u00f1ada exclusivamente para uso en campos magn\u00e9ticos altos. Este tipo de estetoscopio acondicionado a MRI, este estetoscopio tipo Sprague Rappaport viene equipado con tres campanas colectoras\u2026<\/p>\n<p class=\"continue-reading-button\"> <a class=\"continue-reading-link\" href=\"https:\/\/medcasem.cl\/?page_id=41\">Continuar leyendo<i class=\"crycon-right-dir\"><\/i><\/a><\/p>\n","protected":false},"author":1,"featured_media":0,"parent":16,"menu_order":0,"comment_status":"closed","ping_status":"closed","template":"","meta":{"footnotes":""},"class_list":["post-41","page","type-page","status-publish","hentry"],"_links":{"self":[{"href":"https:\/\/medcasem.cl\/index.php?rest_route=\/wp\/v2\/pages\/41","targetHints":{"allow":["GET"]}}],"collection":[{"href":"https:\/\/medcasem.cl\/index.php?rest_route=\/wp\/v2\/pages"}],"about":[{"href":"https:\/\/medcasem.cl\/index.php?rest_route=\/wp\/v2\/types\/page"}],"author":[{"embeddable":true,"href":"https:\/\/medcasem.cl\/index.php?rest_route=\/wp\/v2\/users\/1"}],"replies":[{"embeddable":true,"href":"https:\/\/medcasem.cl\/index.php?rest_route=%2Fwp%2Fv2%2Fcomments&post=41"}],"version-history":[{"count":6,"href":"https:\/\/medcasem.cl\/index.php?rest_route=\/wp\/v2\/pages\/41\/revisions"}],"predecessor-version":[{"id":875,"href":"https:\/\/medcasem.cl\/index.php?rest_route=\/wp\/v2\/pages\/41\/revisions\/875"}],"up":[{"embeddable":true,"href":"https:\/\/medcasem.cl\/index.php?rest_route=\/wp\/v2\/pages\/16"}],"wp:attachment":[{"href":"https:\/\/medcasem.cl\/index.php?rest_route=%2Fwp%2Fv2%2Fmedia&parent=41"}],"curies":[{"name":"wp","href":"https:\/\/api.w.org\/{rel}","templated":true}]}}