{"id":29,"date":"2017-06-01T21:07:13","date_gmt":"2017-06-02T00:07:13","guid":{"rendered":"https:\/\/medcasem.cl\/?page_id=29"},"modified":"2017-06-16T18:43:55","modified_gmt":"2017-06-16T21:43:55","slug":"index","status":"publish","type":"page","link":"https:\/\/medcasem.cl\/","title":{"rendered":"Inicio"},"content":{"rendered":"<p style=\"text-align: center;\">En MEDCASEM\u00a0SpA encuentra Soluciones a sus requerimientos y necesidades de Productos y Equipamiento para complementar Unidades de Im\u00e1genes,\u00a0Salas de Rayos X, Resonancia Magn\u00e9tica, Pabellones Vasculares, Angiograf\u00eda y otros. Somos distribuidores de BIODEX, IRADIMED, SAMARIT, AGA Sanit\u00e4tsartikel y otros.<\/p>\n<p>&nbsp;<\/p>\n<p>&nbsp;<\/p>\n<p style=\"text-align: center;\"><img loading=\"lazy\" decoding=\"async\" class=\"aligncenter wp-image-502 size-full\" src=\"https:\/\/medcasem.cl\/wp-content\/uploads\/2017\/06\/barramarcas.png\" alt=\"\" width=\"1180\" height=\"60\" srcset=\"https:\/\/medcasem.cl\/wp-content\/uploads\/2017\/06\/barramarcas.png 1180w, https:\/\/medcasem.cl\/wp-content\/uploads\/2017\/06\/barramarcas-300x15.png 300w, https:\/\/medcasem.cl\/wp-content\/uploads\/2017\/06\/barramarcas-768x39.png 768w, https:\/\/medcasem.cl\/wp-content\/uploads\/2017\/06\/barramarcas-1024x52.png 1024w, https:\/\/medcasem.cl\/wp-content\/uploads\/2017\/06\/barramarcas-150x8.png 150w\" sizes=\"auto, (max-width: 1180px) 100vw, 1180px\" \/><\/p>\n","protected":false},"excerpt":{"rendered":"<p>En MEDCASEM\u00a0SpA encuentra Soluciones a sus requerimientos y necesidades de Productos y Equipamiento para complementar Unidades de Im\u00e1genes,\u00a0Salas de Rayos X, Resonancia Magn\u00e9tica, Pabellones Vasculares, Angiograf\u00eda y otros. Somos distribuidores de BIODEX, IRADIMED, SAMARIT, AGA Sanit\u00e4tsartikel y otros. &nbsp; &nbsp;<\/p>\n<p class=\"continue-reading-button\"> <a class=\"continue-reading-link\" href=\"https:\/\/medcasem.cl\/\">Continuar leyendo<i class=\"crycon-right-dir\"><\/i><\/a><\/p>\n","protected":false},"author":1,"featured_media":21,"parent":0,"menu_order":0,"comment_status":"closed","ping_status":"closed","template":"","meta":{"footnotes":""},"class_list":["post-29","page","type-page","status-publish","has-post-thumbnail","hentry"],"_links":{"self":[{"href":"https:\/\/medcasem.cl\/index.php?rest_route=\/wp\/v2\/pages\/29","targetHints":{"allow":["GET"]}}],"collection":[{"href":"https:\/\/medcasem.cl\/index.php?rest_route=\/wp\/v2\/pages"}],"about":[{"href":"https:\/\/medcasem.cl\/index.php?rest_route=\/wp\/v2\/types\/page"}],"author":[{"embeddable":true,"href":"https:\/\/medcasem.cl\/index.php?rest_route=\/wp\/v2\/users\/1"}],"replies":[{"embeddable":true,"href":"https:\/\/medcasem.cl\/index.php?rest_route=%2Fwp%2Fv2%2Fcomments&post=29"}],"version-history":[{"count":16,"href":"https:\/\/medcasem.cl\/index.php?rest_route=\/wp\/v2\/pages\/29\/revisions"}],"predecessor-version":[{"id":504,"href":"https:\/\/medcasem.cl\/index.php?rest_route=\/wp\/v2\/pages\/29\/revisions\/504"}],"wp:featuredmedia":[{"embeddable":true,"href":"https:\/\/medcasem.cl\/index.php?rest_route=\/wp\/v2\/media\/21"}],"wp:attachment":[{"href":"https:\/\/medcasem.cl\/index.php?rest_route=%2Fwp%2Fv2%2Fmedia&parent=29"}],"curies":[{"name":"wp","href":"https:\/\/api.w.org\/{rel}","templated":true}]}}