{"id":1033,"date":"2017-12-20T18:17:55","date_gmt":"2017-12-20T21:17:55","guid":{"rendered":"https:\/\/medcasem.cl\/?page_id=1033"},"modified":"2017-12-20T19:02:52","modified_gmt":"2017-12-20T22:02:52","slug":"silla-de-ruedas-easy-roller","status":"publish","type":"page","link":"https:\/\/medcasem.cl\/?page_id=1033","title":{"rendered":"Silla de Ruedas Easy Roller"},"content":{"rendered":"\n<table id=\"tablepress-8\" class=\"tablepress tablepress-id-8\">\n<tbody>\n<tr class=\"row-1\">\n\t<td class=\"column-1\"><p style=\"font-size:12px;\"><b>Silla de Ruedas Easy Roller<\/b><br \/>\nSilla de ruedas manual hecha de 100% termopl\u00e1stico que es amigable con el medio ambiente. La silla de ruedas est\u00e1 especialmente dise\u00f1ada para su uso en hospitales e instituciones. Esta silla no tiene metal y los pacientes pueden ser transportados  al equipo  de resonancia  magn\u00e9tica. <br \/>\nLa parte trasera, el asiento y los apoya brazos son tapizados, y se combina con el reposapi\u00e9s, la comodidad del asiento es excelente. <br \/>\nCon sistema de Frenos de estacionamiento, reposapi\u00e9s para la seguridad con inclinaci\u00f3n Soporta hasta 150 kg de peso paciente<br \/>\n<br \/>\nAncho de la silla  67 cm <br \/>\nAncho del asiento 50cm<br \/>\nAltura del asiento52 cm<br \/>\nPeso de la silla 17 Kg<br \/>\nOrigen Alemania<br \/>\nGarant\u00eda 24 meses<\/td><td class=\"column-2\"><img loading=\"lazy\" decoding=\"async\" src=\"https:\/\/medcasem.cl\/wp-content\/uploads\/2017\/12\/silla4-259x300.png\" alt=\"\" width=\"259\" height=\"300\" class=\"aligncenter size-medium wp-image-1013\" \/><\/td>\n<\/tr>\n<\/tbody>\n<\/table>\n<!-- #tablepress-8 from cache -->\n","protected":false},"excerpt":{"rendered":"<p class=\"continue-reading-button\"> <a class=\"continue-reading-link\" href=\"https:\/\/medcasem.cl\/?page_id=1033\">Continuar leyendo<i class=\"crycon-right-dir\"><\/i><\/a><\/p>\n","protected":false},"author":1,"featured_media":0,"parent":18,"menu_order":0,"comment_status":"closed","ping_status":"closed","template":"","meta":{"footnotes":""},"class_list":["post-1033","page","type-page","status-publish","hentry"],"_links":{"self":[{"href":"https:\/\/medcasem.cl\/index.php?rest_route=\/wp\/v2\/pages\/1033","targetHints":{"allow":["GET"]}}],"collection":[{"href":"https:\/\/medcasem.cl\/index.php?rest_route=\/wp\/v2\/pages"}],"about":[{"href":"https:\/\/medcasem.cl\/index.php?rest_route=\/wp\/v2\/types\/page"}],"author":[{"embeddable":true,"href":"https:\/\/medcasem.cl\/index.php?rest_route=\/wp\/v2\/users\/1"}],"replies":[{"embeddable":true,"href":"https:\/\/medcasem.cl\/index.php?rest_route=%2Fwp%2Fv2%2Fcomments&post=1033"}],"version-history":[{"count":2,"href":"https:\/\/medcasem.cl\/index.php?rest_route=\/wp\/v2\/pages\/1033\/revisions"}],"predecessor-version":[{"id":1045,"href":"https:\/\/medcasem.cl\/index.php?rest_route=\/wp\/v2\/pages\/1033\/revisions\/1045"}],"up":[{"embeddable":true,"href":"https:\/\/medcasem.cl\/index.php?rest_route=\/wp\/v2\/pages\/18"}],"wp:attachment":[{"href":"https:\/\/medcasem.cl\/index.php?rest_route=%2Fwp%2Fv2%2Fmedia&parent=1033"}],"curies":[{"name":"wp","href":"https:\/\/api.w.org\/{rel}","templated":true}]}}